{"id":1936,"date":"2022-10-13T15:52:10","date_gmt":"2022-10-13T15:52:10","guid":{"rendered":"https:\/\/campaigns.qsys.com\/?page_id=1936"},"modified":"2026-02-25T08:32:51","modified_gmt":"2026-02-25T08:32:51","slug":"imprint","status":"publish","type":"page","link":"https:\/\/campaigns.qsys.com\/it\/imprint\/","title":{"rendered":"Imprint"},"content":{"rendered":"<p>[et_pb_section fb_built=&#8221;1&#8243; _builder_version=&#8221;4.18.0&#8243; _module_preset=&#8221;default&#8221; custom_css_main_element=&#8221;min-height: 700px;&#8221; global_colors_info=&#8221;{}&#8221;][et_pb_row _builder_version=&#8221;4.18.0&#8243; _module_preset=&#8221;default&#8221; global_colors_info=&#8221;{}&#8221;][et_pb_column type=&#8221;4_4&#8243; _builder_version=&#8221;4.18.0&#8243; _module_preset=&#8221;default&#8221; global_colors_info=&#8221;{}&#8221;][et_pb_text _builder_version=&#8221;4.19.2&#8243; _module_preset=&#8221;default&#8221; hover_enabled=&#8221;0&#8243; global_colors_info=&#8221;{}&#8221; sticky_enabled=&#8221;0&#8243;]<\/p>\n<h1 class=\"entry-title main_title\">Impressum<\/h1>\n<div class=\"entry-content\">\n<p>Angaben gem\u00e4\u00df \u00a7 5 TMG<\/p>\n<p>QSC EMEA GmbH<br \/>Am Ilvesbach 6<br \/>74889 Sinsheim<br \/>Deutschland<\/p>\n<p>Telefon: +49 (0) 7261 6595 300<br \/>Fax: +49 (0) 7261 6595 333<br \/>E-Mail:\u00a0<a>info.emea@qsc.com<\/a><\/p>\n<p>Vertretungsberechtigter Gesch\u00e4ftsf\u00fchrer: Ronald B. Marchant, Karen Stritt<\/p>\n<p>Handelsregister: Mannheim HRB 738154<br \/>Umsatzsteuer-Identifikationsnummer gem\u00e4\u00df \u00a727a Umsatzsteuergesetz: DE815706769<br \/>WEEE-Reg.-Nr. DE 33115660<\/p>\n<\/div>\n<p>[\/et_pb_text][\/et_pb_column][\/et_pb_row][\/et_pb_section]<\/p>","protected":false},"excerpt":{"rendered":"<p>Impressum Angaben gem\u00e4\u00df \u00a7 5 TMG QSC EMEA GmbHAm Ilvesbach 674889 SinsheimDeutschland Telefon: +49 (0) 7261 6595 300Fax: +49 (0) 7261 6595 333E-Mail:\u00a0info.emea@qsc.com Vertretungsberechtigter Gesch\u00e4ftsf\u00fchrer: Ronald B. Marchant, Karen Stritt Handelsregister: Mannheim HRB 738154Umsatzsteuer-Identifikationsnummer gem\u00e4\u00df \u00a727a Umsatzsteuergesetz: DE815706769WEEE-Reg.-Nr. DE 33115660<\/p>","protected":false},"author":16,"featured_media":0,"parent":0,"menu_order":0,"comment_status":"closed","ping_status":"closed","template":"","meta":{"_et_pb_use_builder":"on","_et_pb_old_content":"<!-- wp:divi\/placeholder \/-->","_et_gb_content_width":"","_monsterinsights_skip_tracking":false,"_monsterinsights_sitenote_active":false,"_monsterinsights_sitenote_note":"","_monsterinsights_sitenote_category":0,"footnotes":""},"difl_page_category":[],"class_list":["post-1936","page","type-page","status-publish","hentry"],"yoast_head":"<!-- This site is optimized with the Yoast SEO plugin v24.9 - https:\/\/yoast.com\/wordpress\/plugins\/seo\/ -->\n<title>Imprint - Q-SYS<\/title>\n<meta name=\"robots\" content=\"noindex, follow, max-snippet:-1, max-image-preview:large, max-video-preview:-1\" \/>\n<meta property=\"og:locale\" content=\"it_IT\" \/>\n<meta property=\"og:type\" content=\"article\" \/>\n<meta property=\"og:title\" content=\"Imprint - Q-SYS\" \/>\n<meta property=\"og:description\" content=\"Impressum Angaben gem\u00e4\u00df \u00a7 5 TMG QSC EMEA GmbHAm Ilvesbach 674889 SinsheimDeutschland Telefon: +49 (0) 7261 6595 300Fax: +49 (0) 7261 6595 333E-Mail:\u00a0info.emea@qsc.com Vertretungsberechtigter Gesch\u00e4ftsf\u00fchrer: Ronald B. Marchant, Karen Stritt Handelsregister: Mannheim HRB 738154Umsatzsteuer-Identifikationsnummer gem\u00e4\u00df \u00a727a Umsatzsteuergesetz: DE815706769WEEE-Reg.-Nr. DE 33115660\" \/>\n<meta property=\"og:url\" content=\"https:\/\/campaigns.qsys.com\/it\/imprint\/\" \/>\n<meta property=\"og:site_name\" content=\"Q-SYS\" \/>\n<meta property=\"article:modified_time\" content=\"2026-02-25T08:32:51+00:00\" \/>\n<meta name=\"twitter:card\" content=\"summary_large_image\" \/>\n<meta name=\"twitter:label1\" content=\"Est. reading time\" \/>\n\t<meta name=\"twitter:data1\" content=\"1 minute\" \/>\n<script type=\"application\/ld+json\" class=\"yoast-schema-graph\">{\"@context\":\"https:\/\/schema.org\",\"@graph\":[{\"@type\":\"WebPage\",\"@id\":\"https:\/\/campaigns.qsys.com\/imprint\/\",\"url\":\"https:\/\/campaigns.qsys.com\/imprint\/\",\"name\":\"Imprint - Q-SYS\",\"isPartOf\":{\"@id\":\"https:\/\/campaigns.qsys.com\/de\/#website\"},\"datePublished\":\"2022-10-13T15:52:10+00:00\",\"dateModified\":\"2026-02-25T08:32:51+00:00\",\"breadcrumb\":{\"@id\":\"https:\/\/campaigns.qsys.com\/imprint\/#breadcrumb\"},\"inLanguage\":\"it-IT\",\"potentialAction\":[{\"@type\":\"ReadAction\",\"target\":[\"https:\/\/campaigns.qsys.com\/imprint\/\"]}]},{\"@type\":\"BreadcrumbList\",\"@id\":\"https:\/\/campaigns.qsys.com\/imprint\/#breadcrumb\",\"itemListElement\":[{\"@type\":\"ListItem\",\"position\":1,\"name\":\"Home\",\"item\":\"https:\/\/campaigns.qsys.com\/\"},{\"@type\":\"ListItem\",\"position\":2,\"name\":\"Imprint\"}]},{\"@type\":\"WebSite\",\"@id\":\"https:\/\/campaigns.qsys.com\/de\/#website\",\"url\":\"https:\/\/campaigns.qsys.com\/de\/\",\"name\":\"Q-SYS\",\"description\":\"Cloud-manageable audio, video, and control platform\",\"potentialAction\":[{\"@type\":\"SearchAction\",\"target\":{\"@type\":\"EntryPoint\",\"urlTemplate\":\"https:\/\/campaigns.qsys.com\/de\/?s={search_term_string}\"},\"query-input\":{\"@type\":\"PropertyValueSpecification\",\"valueRequired\":true,\"valueName\":\"search_term_string\"}}],\"inLanguage\":\"it-IT\"}]}<\/script>\n<!-- \/ Yoast SEO plugin. -->","yoast_head_json":{"title":"Imprint - Q-SYS","robots":{"index":"noindex","follow":"follow","max-snippet":"max-snippet:-1","max-image-preview":"max-image-preview:large","max-video-preview":"max-video-preview:-1"},"og_locale":"it_IT","og_type":"article","og_title":"Imprint - Q-SYS","og_description":"Impressum Angaben gem\u00e4\u00df \u00a7 5 TMG QSC EMEA GmbHAm Ilvesbach 674889 SinsheimDeutschland Telefon: +49 (0) 7261 6595 300Fax: +49 (0) 7261 6595 333E-Mail:\u00a0info.emea@qsc.com Vertretungsberechtigter Gesch\u00e4ftsf\u00fchrer: Ronald B. Marchant, Karen Stritt Handelsregister: Mannheim HRB 738154Umsatzsteuer-Identifikationsnummer gem\u00e4\u00df \u00a727a Umsatzsteuergesetz: DE815706769WEEE-Reg.-Nr. DE 33115660","og_url":"https:\/\/campaigns.qsys.com\/it\/imprint\/","og_site_name":"Q-SYS","article_modified_time":"2026-02-25T08:32:51+00:00","twitter_card":"summary_large_image","twitter_misc":{"Est. reading time":"1 minute"},"schema":{"@context":"https:\/\/schema.org","@graph":[{"@type":"WebPage","@id":"https:\/\/campaigns.qsys.com\/imprint\/","url":"https:\/\/campaigns.qsys.com\/imprint\/","name":"Imprint - Q-SYS","isPartOf":{"@id":"https:\/\/campaigns.qsys.com\/de\/#website"},"datePublished":"2022-10-13T15:52:10+00:00","dateModified":"2026-02-25T08:32:51+00:00","breadcrumb":{"@id":"https:\/\/campaigns.qsys.com\/imprint\/#breadcrumb"},"inLanguage":"it-IT","potentialAction":[{"@type":"ReadAction","target":["https:\/\/campaigns.qsys.com\/imprint\/"]}]},{"@type":"BreadcrumbList","@id":"https:\/\/campaigns.qsys.com\/imprint\/#breadcrumb","itemListElement":[{"@type":"ListItem","position":1,"name":"Home","item":"https:\/\/campaigns.qsys.com\/"},{"@type":"ListItem","position":2,"name":"Imprint"}]},{"@type":"WebSite","@id":"https:\/\/campaigns.qsys.com\/de\/#website","url":"https:\/\/campaigns.qsys.com\/de\/","name":"Q-SYS","description":"piattaforma audio, video e di controllo gestibile in cloud","potentialAction":[{"@type":"SearchAction","target":{"@type":"EntryPoint","urlTemplate":"https:\/\/campaigns.qsys.com\/de\/?s={search_term_string}"},"query-input":{"@type":"PropertyValueSpecification","valueRequired":true,"valueName":"search_term_string"}}],"inLanguage":"it-IT"}]}},"_links":{"self":[{"href":"https:\/\/campaigns.qsys.com\/it\/wp-json\/wp\/v2\/pages\/1936","targetHints":{"allow":["GET"]}}],"collection":[{"href":"https:\/\/campaigns.qsys.com\/it\/wp-json\/wp\/v2\/pages"}],"about":[{"href":"https:\/\/campaigns.qsys.com\/it\/wp-json\/wp\/v2\/types\/page"}],"author":[{"embeddable":true,"href":"https:\/\/campaigns.qsys.com\/it\/wp-json\/wp\/v2\/users\/16"}],"replies":[{"embeddable":true,"href":"https:\/\/campaigns.qsys.com\/it\/wp-json\/wp\/v2\/comments?post=1936"}],"version-history":[{"count":9,"href":"https:\/\/campaigns.qsys.com\/it\/wp-json\/wp\/v2\/pages\/1936\/revisions"}],"predecessor-version":[{"id":6121,"href":"https:\/\/campaigns.qsys.com\/it\/wp-json\/wp\/v2\/pages\/1936\/revisions\/6121"}],"wp:attachment":[{"href":"https:\/\/campaigns.qsys.com\/it\/wp-json\/wp\/v2\/media?parent=1936"}],"wp:term":[{"taxonomy":"difl_page_category","embeddable":true,"href":"https:\/\/campaigns.qsys.com\/it\/wp-json\/wp\/v2\/difl_page_category?post=1936"}],"curies":[{"name":"wp","href":"https:\/\/api.w.org\/{rel}","templated":true}]}}